{"id":309,"date":"2022-10-07T10:55:08","date_gmt":"2022-10-07T08:55:08","guid":{"rendered":"https:\/\/vrastudio.it\/?page_id=309"},"modified":"2022-10-07T11:00:26","modified_gmt":"2022-10-07T09:00:26","slug":"consulenza-contabile-e-fiscale","status":"publish","type":"page","link":"https:\/\/vrastudio.it\/en\/attivita\/consulenza-contabile-e-fiscale\/","title":{"rendered":"Accounting and tax consultancy"},"content":{"rendered":"<p>[et_pb_section fb_built=&#8221;1&#8243; custom_padding_last_edited=&#8221;on|desktop&#8221; module_class=&#8221;sezione_01&#8243; _builder_version=&#8221;4.18.0&#8243; _module_preset=&#8221;default&#8221; background_image=&#8221;https:\/\/vrastudio.it\/wp-content\/uploads\/2022\/10\/fiscale_back.jpg&#8221; custom_padding=&#8221;95px||24px|||&#8221; custom_padding_tablet=&#8221;0px||||false|false&#8221; custom_padding_phone=&#8221;0px||||false|false&#8221; global_colors_info=&#8221;{}&#8221;][et_pb_row column_structure=&#8221;3_4,1_4&#8243; use_custom_gutter=&#8221;on&#8221; gutter_width=&#8221;1&#8243; disabled_on=&#8221;on|on|off&#8221; admin_label=&#8221;SOTTOMENU&#8221; _builder_version=&#8221;4.18.0&#8243; _module_preset=&#8221;default&#8221; custom_margin=&#8221;0px||||false|false&#8221; custom_padding=&#8221;0px||70px||false|false&#8221; sticky_position=&#8221;top&#8221; sticky_offset_top=&#8221;-90px&#8221; global_module=&#8221;167&#8243; saved_tabs=&#8221;all&#8221; global_colors_info=&#8221;{}&#8221;][et_pb_column type=&#8221;3_4&#8243; _builder_version=&#8221;4.18.0&#8243; _module_preset=&#8221;default&#8221; global_colors_info=&#8221;{}&#8221;][et_pb_menu menu_id=&#8221;6&#8243; active_link_color=&#8221;#000000&#8243; show_search_icon=&#8221;on&#8221; cart_icon_color=&#8221;#000000&#8243; search_icon_color=&#8221;#000000&#8243; _builder_version=&#8221;4.18.0&#8243; _module_preset=&#8221;default&#8221; menu_font=&#8221;|||on|||||&#8221; menu_text_color=&#8221;#333237&#8243; menu_font_size=&#8221;16px&#8221; max_width=&#8221;1100px&#8221; module_alignment=&#8221;center&#8221; custom_padding=&#8221;20px|30px|0px|30px|false|true&#8221; global_colors_info=&#8221;{}&#8221;][\/et_pb_menu][\/et_pb_column][et_pb_column type=&#8221;1_4&#8243; _builder_version=&#8221;4.18.0&#8243; _module_preset=&#8221;default&#8221; background_color=&#8221;#5395b2&#8243; global_colors_info=&#8221;{}&#8221;][et_pb_button button_text=&#8221;Contatti&#8221; button_alignment=&#8221;center&#8221; _builder_version=&#8221;4.18.0&#8243; _module_preset=&#8221;default&#8221; custom_button=&#8221;on&#8221; button_text_size=&#8221;16px&#8221; button_text_color=&#8221;#FFFFFF&#8221; button_bg_color=&#8221;#5395b2&#8243; button_border_width=&#8221;0px&#8221; button_border_radius=&#8221;0px&#8221; button_font=&#8221;|||on|||||&#8221; button_use_icon=&#8221;off&#8221; custom_padding=&#8221;22px||21px||false|false&#8221; custom_css_main_element=&#8221;width:100%;||&#8221; global_colors_info=&#8221;{}&#8221; button_bg_color__hover_enabled=&#8221;on|desktop&#8221; button_bg_color__hover=&#8221;#4987a3&#8243; button_bg_enable_color__hover=&#8221;on&#8221;][\/et_pb_button][\/et_pb_column][\/et_pb_row][et_pb_row use_custom_gutter=&#8221;on&#8221; gutter_width=&#8221;1&#8243; disabled_on=&#8221;off|off|on&#8221; admin_label=&#8221;MENU MOBILE&#8221; _builder_version=&#8221;4.18.0&#8243; _module_preset=&#8221;default&#8221; width=&#8221;100%&#8221; max_width=&#8221;100%&#8221; custom_margin=&#8221;0px||||false|false&#8221; custom_padding=&#8221;0px||70px||false|false&#8221; sticky_position=&#8221;top&#8221; sticky_offset_top=&#8221;-90px&#8221; global_module=&#8221;237&#8243; saved_tabs=&#8221;all&#8221; global_colors_info=&#8221;{}&#8221;][et_pb_column type=&#8221;4_4&#8243; _builder_version=&#8221;4.18.0&#8243; _module_preset=&#8221;default&#8221; global_colors_info=&#8221;{}&#8221;][et_pb_menu menu_id=&#8221;6&#8243; active_link_color=&#8221;#000000&#8243; logo=&#8221;https:\/\/vrastudio.it\/wp-content\/uploads\/2022\/09\/VR_marchio_completo_POS.png&#8221; cart_icon_color=&#8221;#000000&#8243; search_icon_color=&#8221;#000000&#8243; _builder_version=&#8221;4.18.0&#8243; _module_preset=&#8221;default&#8221; menu_font=&#8221;|||on|||||&#8221; menu_text_color=&#8221;#000000&#8243; menu_font_size=&#8221;16px&#8221; max_width=&#8221;1100px&#8221; module_alignment=&#8221;center&#8221; custom_padding=&#8221;10px|0px|10px|0px|true|false&#8221; border_width_bottom_image=&#8221;10px&#8221; border_color_bottom_image=&#8221;#FFFFFF&#8221; border_width_left_image=&#8221;10px&#8221; border_color_left_image=&#8221;#FFFFFF&#8221; global_colors_info=&#8221;{}&#8221;][\/et_pb_menu][\/et_pb_column][\/et_pb_row][et_pb_row _builder_version=&#8221;4.18.0&#8243; _module_preset=&#8221;default&#8221; global_colors_info=&#8221;{}&#8221;][et_pb_column type=&#8221;4_4&#8243; _builder_version=&#8221;4.18.0&#8243; _module_preset=&#8221;default&#8221; global_colors_info=&#8221;{}&#8221;][et_pb_post_title meta=&#8221;off&#8221; featured_image=&#8221;off&#8221; _builder_version=&#8221;4.18.0&#8243; _module_preset=&#8221;default&#8221; title_font=&#8221;||||||||&#8221; title_text_align=&#8221;left&#8221; title_text_color=&#8221;#FFFFFF&#8221; title_font_size=&#8221;40px&#8221; global_colors_info=&#8221;{}&#8221;][\/et_pb_post_title][\/et_pb_column][\/et_pb_row][\/et_pb_section][et_pb_section fb_built=&#8221;1&#8243; _builder_version=&#8221;4.18.0&#8243; _module_preset=&#8221;default&#8221; background_enable_image=&#8221;off&#8221; global_colors_info=&#8221;{}&#8221;][et_pb_row column_structure=&#8221;1_3,2_3&#8243; _builder_version=&#8221;4.18.0&#8243; _module_preset=&#8221;default&#8221; width=&#8221;90%&#8221; custom_margin=&#8221;0px||||false|false&#8221; custom_padding=&#8221;0px||||false|false&#8221; global_colors_info=&#8221;{}&#8221;][et_pb_column type=&#8221;1_3&#8243; _builder_version=&#8221;4.18.0&#8243; _module_preset=&#8221;default&#8221; global_colors_info=&#8221;{}&#8221;][et_pb_text _builder_version=&#8221;4.18.0&#8243; _module_preset=&#8221;default&#8221; header_3_font=&#8221;|600|||||||&#8221; header_3_line_height=&#8221;1.64em&#8221; global_colors_info=&#8221;{}&#8221;]<\/p>\n<h3>Assistenza e Consulenza<br \/>\nFiscale<br \/>\n<\/h3>\n<p>[\/et_pb_text][\/et_pb_column][et_pb_column type=&#8221;2_3&#8243; _builder_version=&#8221;4.18.0&#8243; _module_preset=&#8221;default&#8221; global_colors_info=&#8221;{}&#8221;][et_pb_text _builder_version=&#8221;4.18.0&#8243; _module_preset=&#8221;default&#8221; global_colors_info=&#8221;{}&#8221;]L\u2019attivit\u00e0 dello Studio copre la fiscalit\u00e0 delle societ\u00e0 italiane e delle filiali italiane di societ\u00e0 estere che desiderano assistenza personalizzata, che li supporti nelle ordinarie attivit\u00e0 di gestione e nelle scelte strategiche ed organizzative.<\/p>\n<p>In quest\u2019ambito rientra la consulenza e la pareristica in materia di imposte dirette e indirette, di bilancio e societaria.<\/p>\n<p>Lo Studio assicura inoltre completa assistenza in materia di diritto tributario internazionale relativo sia alle imposte dirette che indirette.[\/et_pb_text][\/et_pb_column][\/et_pb_row][et_pb_row column_structure=&#8221;1_3,2_3&#8243; _builder_version=&#8221;4.18.0&#8243; _module_preset=&#8221;default&#8221; width=&#8221;90%&#8221; custom_margin=&#8221;40px||||false|false&#8221; custom_padding=&#8221;0px||||false|false&#8221; hover_enabled=&#8221;0&#8243; global_colors_info=&#8221;{}&#8221; sticky_enabled=&#8221;0&#8243;][et_pb_column type=&#8221;1_3&#8243; _builder_version=&#8221;4.18.0&#8243; _module_preset=&#8221;default&#8221; global_colors_info=&#8221;{}&#8221;][et_pb_text _builder_version=&#8221;4.18.0&#8243; _module_preset=&#8221;default&#8221; header_3_font=&#8221;|600|||||||&#8221; header_3_line_height=&#8221;1.64em&#8221; global_colors_info=&#8221;{}&#8221;]<\/p>\n<h3>Pianificazione Fiscale<br \/>\n<\/h3>\n<p>[\/et_pb_text][\/et_pb_column][et_pb_column type=&#8221;2_3&#8243; _builder_version=&#8221;4.18.0&#8243; _module_preset=&#8221;default&#8221; global_colors_info=&#8221;{}&#8221;][et_pb_text _builder_version=&#8221;4.18.0&#8243; _module_preset=&#8221;default&#8221; global_colors_info=&#8221;{}&#8221;]Il nostro obbiettivo \u00e8 sviluppare soluzioni innovative che, nel rispetto delle normative vigenti, permettano al cliente di ottimizzare il proprio assetto giuridico e fiscale in sintonia con l\u2019evoluzione delle proprie attivit\u00e0 industriali o commerciali. A tal fine vengono individuate e confrontate le agevolazioni fiscali disponibili e viene analizzata la specifica situazione del cliente e delle peculiarit\u00e0 del suo business per ottimizzare la fiscalit\u00e0 a livello di societ\u00e0 e di consolidato di gruppo. In tale ambito rientrano anche le attivit\u00e0 di verifica delle procedure di gestione della fiscalit\u00e0 diretta e indiretta (tax audit) tese alla riduzione dei rischi latenti e alla massimizzazione dell\u2019efficienza amministrativa.[\/et_pb_text][\/et_pb_column][\/et_pb_row][et_pb_row column_structure=&#8221;1_3,2_3&#8243; _builder_version=&#8221;4.18.0&#8243; _module_preset=&#8221;default&#8221; width=&#8221;90%&#8221; custom_margin=&#8221;40px||||false|false&#8221; custom_padding=&#8221;0px||||false|false&#8221; hover_enabled=&#8221;0&#8243; global_colors_info=&#8221;{}&#8221; sticky_enabled=&#8221;0&#8243;][et_pb_column type=&#8221;1_3&#8243; _builder_version=&#8221;4.18.0&#8243; _module_preset=&#8221;default&#8221; global_colors_info=&#8221;{}&#8221;][et_pb_text _builder_version=&#8221;4.18.0&#8243; _module_preset=&#8221;default&#8221; header_3_font=&#8221;|600|||||||&#8221; header_3_line_height=&#8221;1.64em&#8221; global_colors_info=&#8221;{}&#8221;]<\/p>\n<h3>Contabilit\u00e0 e Bilanci d\u2019esercizio<br \/>\n<\/h3>\n<p>[\/et_pb_text][\/et_pb_column][et_pb_column type=&#8221;2_3&#8243; _builder_version=&#8221;4.18.0&#8243; _module_preset=&#8221;default&#8221; global_colors_info=&#8221;{}&#8221;][et_pb_text _builder_version=&#8221;4.18.0&#8243; _module_preset=&#8221;default&#8221; global_colors_info=&#8221;{}&#8221;]Lo Studio assiste i propri clienti nella predisposizione e nella redazione di Bilanci d\u2019Esercizio e Bilanci Consolidati di gruppo secondo il Codice Civile, i principi contabili nazionali (OIC) e internazionali (IAS, IFRS).<br \/>\nInoltre presta assistenza in materia contabile e amministrativa in relazione a specifici problemi di start up, di programmi di budgeting e reporting periodico, di impianto di sistemi contabili ed organizzativi, nonch\u00e9 di impostazione di contabilit\u00e0 di magazzino.<br \/>\nLo Studio gestisce la contabilit\u00e0 dei clienti anche mediante sistemi \u201cremoti\u201d.[\/et_pb_text][et_pb_button button_url=&#8221;https:\/\/vrastudio.it\/attivita\/&#8221; button_text=&#8221;Vedi tutte le aree&#8221; _builder_version=&#8221;4.18.0&#8243; _module_preset=&#8221;default&#8221; custom_button=&#8221;on&#8221; button_text_size=&#8221;14px&#8221; button_text_color=&#8221;#FFFFFF&#8221; button_bg_color=&#8221;#5395b2&#8243; button_border_width=&#8221;0px&#8221; button_border_radius=&#8221;0px&#8221; button_font=&#8221;|||on|||||&#8221; button_use_icon=&#8221;off&#8221; custom_padding=&#8221;14px|20px|14px|20px|true|true&#8221; global_colors_info=&#8221;{}&#8221; custom_css_main_element__hover_enabled=&#8221;on|hover&#8221; custom_css_main_element__hover=&#8221;text-decoration:underline;&#8221;][\/et_pb_button][\/et_pb_column][\/et_pb_row][\/et_pb_section]<\/p>\n","protected":false},"excerpt":{"rendered":"<p>Assistenza e Consulenza Fiscale L\u2019attivit\u00e0 dello Studio copre la fiscalit\u00e0 delle societ\u00e0 italiane e delle filiali italiane di societ\u00e0 estere che desiderano assistenza personalizzata, che li supporti nelle ordinarie attivit\u00e0 di gestione e nelle scelte strategiche ed organizzative. In quest\u2019ambito rientra la consulenza e la pareristica in materia di imposte dirette e indirette, di bilancio [&hellip;]<\/p>\n","protected":false},"author":1,"featured_media":0,"parent":228,"menu_order":0,"comment_status":"closed","ping_status":"closed","template":"","meta":{"_et_pb_use_builder":"on","_et_pb_old_content":"","_et_gb_content_width":"","footnotes":""},"class_list":["post-309","page","type-page","status-publish","hentry"],"_links":{"self":[{"href":"https:\/\/vrastudio.it\/en\/wp-json\/wp\/v2\/pages\/309","targetHints":{"allow":["GET"]}}],"collection":[{"href":"https:\/\/vrastudio.it\/en\/wp-json\/wp\/v2\/pages"}],"about":[{"href":"https:\/\/vrastudio.it\/en\/wp-json\/wp\/v2\/types\/page"}],"author":[{"embeddable":true,"href":"https:\/\/vrastudio.it\/en\/wp-json\/wp\/v2\/users\/1"}],"replies":[{"embeddable":true,"href":"https:\/\/vrastudio.it\/en\/wp-json\/wp\/v2\/comments?post=309"}],"version-history":[{"count":4,"href":"https:\/\/vrastudio.it\/en\/wp-json\/wp\/v2\/pages\/309\/revisions"}],"predecessor-version":[{"id":316,"href":"https:\/\/vrastudio.it\/en\/wp-json\/wp\/v2\/pages\/309\/revisions\/316"}],"up":[{"embeddable":true,"href":"https:\/\/vrastudio.it\/en\/wp-json\/wp\/v2\/pages\/228"}],"wp:attachment":[{"href":"https:\/\/vrastudio.it\/en\/wp-json\/wp\/v2\/media?parent=309"}],"curies":[{"name":"wp","href":"https:\/\/api.w.org\/{rel}","templated":true}]}}